{"id":229,"date":"2026-02-11T22:20:15","date_gmt":"2026-02-11T21:20:15","guid":{"rendered":"https:\/\/mediation.frommphilipp.eu\/?page_id=229"},"modified":"2026-03-02T11:09:14","modified_gmt":"2026-03-02T10:09:14","slug":"datenschutz","status":"publish","type":"page","link":"https:\/\/mediation.frommphilipp.eu\/index.php\/datenschutz\/","title":{"rendered":"Datenschutz"},"content":{"rendered":"\t\t<div data-elementor-type=\"wp-page\" data-elementor-id=\"229\" class=\"elementor elementor-229\" data-elementor-post-type=\"page\">\n\t\t\t\t<div class=\"elementor-element elementor-element-73c6ab6 e-flex e-con-boxed e-con e-parent\" data-id=\"73c6ab6\" data-element_type=\"container\">\n\t\t\t\t\t<div class=\"e-con-inner\">\n\t\t\t\t<div class=\"elementor-element elementor-element-b7e627a elementor-widget elementor-widget-text-editor\" data-id=\"b7e627a\" data-element_type=\"widget\" data-widget_type=\"text-editor.default\">\n\t\t\t\t\t\t\t\t\t<p class=\"western\" lang=\"de-AT\"><span style=\"text-decoration: underline;\"><strong>Datenschutzerkl\u00e4rung<\/strong><\/span><\/p><p class=\"western\" lang=\"de-AT\">Der Schutz Ihrer pers\u00f6nlichen Daten ist uns wichtig. Wir verarbeiten Ihre Daten ausschlie\u00dflich im Rahmen der gesetzlichen Bestimmungen (DSGVO, DSG 2000, TKG 2003). Nachfolgend informieren wir Sie \u00fcber die wichtigsten Aspekte der Datenverarbeitung im Rahmen unserer Website.<\/p><p class=\"western\" lang=\"de-AT\"><span style=\"text-decoration: underline;\"><strong>Kontakt mit uns<\/strong><\/span><\/p><p class=\"western\" lang=\"de-AT\">Wenn Sie per Formular auf der Website oder per E-Mail Kontakt mit uns aufnehmen, werden Ihre angegebenen Daten zwecks Bearbeitung der Anfrage und f\u00fcr den Fall von weiteren Fragen f\u00fcr die Dauer von 365 Tagen bei uns gespeichert. Diese Daten geben wir nicht ohne Ihre vorherige Einwilligung weiter.<\/p><p class=\"western\" lang=\"de-AT\"><strong><span style=\"text-decoration: underline;\">Cookies<\/span><\/strong><\/p><p class=\"western\" lang=\"de-AT\">F\u00fcr <span lang=\"de-AT\">Verbesserung der Funktionalit\u00e4t der Website v<\/span>erwendet unsere Website Cookies. Dabei handelt es sich um kleine Textdateien, die mit Hilfe des Browsers auf Ihrem Endger\u00e4t abgelegt werden. Sie richten keinen Schaden an Ihrem Endger\u00e4t an.<\/p><p class=\"western\" lang=\"de-AT\">Einige Cookies bleiben auf Ihrem Endger\u00e4t gespeichert, bis Sie diese l\u00f6schen. Dies erm\u00f6glicht uns, Ihren Browser beim n\u00e4chsten Besuch wiederzuerkennen. Ihre IP-Adresse<sup><a class=\"sdfootnoteanc\" href=\"#sdfootnote1sym\" name=\"sdfootnote1anc\">1<\/a><\/sup> wird daher erfasst, gespeichert, aber umgehend durch L\u00f6schung der letzten beiden Oktette pseudonymisiert. Dadurch wird nur mehr eine grobe Lokalisierung m\u00f6glich.<\/p><p class=\"western\" lang=\"de-AT\">Wenn Sie dies nicht w\u00fcnschen, k\u00f6nnen Sie Ihren Browser so einrichten, dass er Sie \u00fcber das Setzen von Cookies informiert und Sie dies nur im Einzelfall zulassen. Bei der Deaktivierung von Cookies kann die Funktionalit\u00e4t unserer Website eingeschr\u00e4nkt sein.<\/p><p class=\"western\" lang=\"de-AT\">Wir haben mit dem Anbieter\/ der Anbieterin unseres Cookie-Tools einen entsprechenden Vertrag zur Auftragsdatenverarbeitung abgeschlossen.<\/p><p class=\"western\" lang=\"de-AT\">Die Verwendung der auf der Website eingesetzten Cookies dient ausschlie\u00dflich der Aufrechterhaltung der Funktionalit\u00e4t der Website.<\/p><p class=\"western\" lang=\"de-AT\"><span style=\"text-decoration: underline;\"><strong>Ihre Rechte<\/strong><\/span><\/p><p class=\"western\" lang=\"de-AT\"><span lang=\"de-DE\">Bez\u00fcglich Ihrer personenbezogenen Daten haben Sie grunds\u00e4tzlich die Rechte auf Auskunft, Berichtigung, L\u00f6schung, Einschr\u00e4nkung der Verarbeitung, Daten\u00fcbertragbarkeit sowie Widerspruch (Art. 15 bis 21 DSGVO).<\/span><\/p><p class=\"western\" lang=\"de-AT\"><span lang=\"de-DE\">Beruht die Rechtm\u00e4\u00dfigkeit einer Datenverarbeitung auf Ihrer Einwilligung, so haben Sie das Recht, die Einwilligung jederzeit zu widerrufen. Durch den Widerruf wird die Rechtm\u00e4\u00dfigkeit der Verarbeitung, die auf Basis der Einwilligung bis zum Zeitpunkt des Widerrufs erfolgt ist, nicht ber\u00fchrt (Art. 7 Abs. 3 DSGVO).<\/span><\/p><p class=\"western\" lang=\"de-AT\"><span lang=\"de-DE\">Wenn Sie glauben, dass die Verarbeitung Ihrer Daten gegen das Datenschutzrecht verst\u00f6\u00dft oder Ihre datenschutzrechtlichen Anspr\u00fcche in einer anderen Weise verletzt worden sind, k\u00f6nnen Sie sich bei der Aufsichtsbeh\u00f6rde beschweren. In \u00d6sterreich ist dies die Datenschutzbeh\u00f6rde.<\/span><\/p><p class=\"western\" lang=\"de-AT\"><span style=\"text-decoration: underline;\"><strong>Unsere Kontaktdaten:<\/strong><\/span><\/p><p class=\"western\">Philipp Fromm<\/p><p class=\"western\"><a href=\"mailto:office@frommphilipp.eu\">office@frommphilipp.eu<\/a><\/p><p class=\"western\">+43 (0)(681) \/81 55 79 54<\/p>\t\t\t\t\t\t\t\t<\/div>\n\t\t\t\t\t<\/div>\n\t\t\t\t<\/div>\n\t\t\t\t<\/div>\n\t\t","protected":false},"excerpt":{"rendered":"<p>Datenschutzerkl\u00e4rung Der Schutz Ihrer pers\u00f6nlichen Daten ist uns wichtig. Wir verarbeiten Ihre Daten ausschlie\u00dflich im Rahmen der gesetzlichen Bestimmungen (DSGVO, DSG 2000, TKG 2003). Nachfolgend informieren wir Sie \u00fcber die wichtigsten Aspekte der Datenverarbeitung im Rahmen unserer Website. Kontakt mit uns Wenn Sie per Formular auf der Website oder per E-Mail Kontakt mit uns aufnehmen, [&hellip;]<\/p>\n","protected":false},"author":1,"featured_media":0,"parent":0,"menu_order":0,"comment_status":"closed","ping_status":"closed","template":"","meta":{"_monsterinsights_skip_tracking":false,"_monsterinsights_sitenote_active":false,"_monsterinsights_sitenote_note":"","_monsterinsights_sitenote_category":0,"footnotes":""},"class_list":["post-229","page","type-page","status-publish","hentry"],"yoast_head":"<!-- This site is optimized with the Yoast SEO plugin v27.1.1 - https:\/\/yoast.com\/product\/yoast-seo-wordpress\/ -->\n<title>Datenschutz - FROMM&amp; | Mediation und Beratung<\/title>\n<meta name=\"robots\" content=\"index, follow, max-snippet:-1, max-image-preview:large, max-video-preview:-1\" \/>\n<link rel=\"canonical\" href=\"https:\/\/mediation.frommphilipp.eu\/index.php\/datenschutz\/\" \/>\n<meta property=\"og:locale\" content=\"de_DE\" \/>\n<meta property=\"og:type\" content=\"article\" \/>\n<meta property=\"og:title\" content=\"Datenschutz - FROMM&amp; | Mediation und Beratung\" \/>\n<meta property=\"og:description\" content=\"Datenschutzerkl\u00e4rung Der Schutz Ihrer pers\u00f6nlichen Daten ist uns wichtig. Wir verarbeiten Ihre Daten ausschlie\u00dflich im Rahmen der gesetzlichen Bestimmungen (DSGVO, DSG 2000, TKG 2003). Nachfolgend informieren wir Sie \u00fcber die wichtigsten Aspekte der Datenverarbeitung im Rahmen unserer Website. Kontakt mit uns Wenn Sie per Formular auf der Website oder per E-Mail Kontakt mit uns aufnehmen, [&hellip;]\" \/>\n<meta property=\"og:url\" content=\"https:\/\/mediation.frommphilipp.eu\/index.php\/datenschutz\/\" \/>\n<meta property=\"og:site_name\" content=\"FROMM&amp; | Mediation und Beratung\" \/>\n<meta property=\"article:modified_time\" content=\"2026-03-02T10:09:14+00:00\" \/>\n<meta name=\"twitter:card\" content=\"summary_large_image\" \/>\n<meta name=\"twitter:label1\" content=\"Gesch\u00e4tzte Lesezeit\" \/>\n\t<meta name=\"twitter:data1\" content=\"2\u00a0Minuten\" \/>\n<script type=\"application\/ld+json\" class=\"yoast-schema-graph\">{\"@context\":\"https:\/\/schema.org\",\"@graph\":[{\"@type\":\"WebPage\",\"@id\":\"https:\/\/mediation.frommphilipp.eu\/index.php\/datenschutz\/\",\"url\":\"https:\/\/mediation.frommphilipp.eu\/index.php\/datenschutz\/\",\"name\":\"Datenschutz - FROMM&amp; | Mediation und Beratung\",\"isPartOf\":{\"@id\":\"https:\/\/mediation.frommphilipp.eu\/#website\"},\"datePublished\":\"2026-02-11T21:20:15+00:00\",\"dateModified\":\"2026-03-02T10:09:14+00:00\",\"breadcrumb\":{\"@id\":\"https:\/\/mediation.frommphilipp.eu\/index.php\/datenschutz\/#breadcrumb\"},\"inLanguage\":\"de\",\"potentialAction\":[{\"@type\":\"ReadAction\",\"target\":[\"https:\/\/mediation.frommphilipp.eu\/index.php\/datenschutz\/\"]}]},{\"@type\":\"BreadcrumbList\",\"@id\":\"https:\/\/mediation.frommphilipp.eu\/index.php\/datenschutz\/#breadcrumb\",\"itemListElement\":[{\"@type\":\"ListItem\",\"position\":1,\"name\":\"Home\",\"item\":\"https:\/\/mediation.frommphilipp.eu\/\"},{\"@type\":\"ListItem\",\"position\":2,\"name\":\"Datenschutz\"}]},{\"@type\":\"WebSite\",\"@id\":\"https:\/\/mediation.frommphilipp.eu\/#website\",\"url\":\"https:\/\/mediation.frommphilipp.eu\/\",\"name\":\"FROMM& | Mediation und Beratung\",\"description\":\"Mediation, Moderation &amp; Organisationsentwicklung\",\"publisher\":{\"@id\":\"https:\/\/mediation.frommphilipp.eu\/#organization\"},\"alternateName\":\"Mediation, Moderation & Organisationsentwicklung\",\"potentialAction\":[{\"@type\":\"SearchAction\",\"target\":{\"@type\":\"EntryPoint\",\"urlTemplate\":\"https:\/\/mediation.frommphilipp.eu\/?s={search_term_string}\"},\"query-input\":{\"@type\":\"PropertyValueSpecification\",\"valueRequired\":true,\"valueName\":\"search_term_string\"}}],\"inLanguage\":\"de\"},{\"@type\":\"Organization\",\"@id\":\"https:\/\/mediation.frommphilipp.eu\/#organization\",\"name\":\"FROMM& | Mediation und Beratung\",\"url\":\"https:\/\/mediation.frommphilipp.eu\/\",\"logo\":{\"@type\":\"ImageObject\",\"inLanguage\":\"de\",\"@id\":\"https:\/\/mediation.frommphilipp.eu\/#\/schema\/logo\/image\/\",\"url\":\"https:\/\/mediation.frommphilipp.eu\/wp-content\/uploads\/2025\/09\/logo_frommu_medi2.jpg\",\"contentUrl\":\"https:\/\/mediation.frommphilipp.eu\/wp-content\/uploads\/2025\/09\/logo_frommu_medi2.jpg\",\"width\":596,\"height\":420,\"caption\":\"FROMM& | Mediation und Beratung\"},\"image\":{\"@id\":\"https:\/\/mediation.frommphilipp.eu\/#\/schema\/logo\/image\/\"},\"sameAs\":[\"https:\/\/www.linkedin.com\/in\/philippfromm\/\"]}]}<\/script>\n<!-- \/ Yoast SEO plugin. -->","yoast_head_json":{"title":"Datenschutz - FROMM&amp; | Mediation und Beratung","robots":{"index":"index","follow":"follow","max-snippet":"max-snippet:-1","max-image-preview":"max-image-preview:large","max-video-preview":"max-video-preview:-1"},"canonical":"https:\/\/mediation.frommphilipp.eu\/index.php\/datenschutz\/","og_locale":"de_DE","og_type":"article","og_title":"Datenschutz - FROMM&amp; | Mediation und Beratung","og_description":"Datenschutzerkl\u00e4rung Der Schutz Ihrer pers\u00f6nlichen Daten ist uns wichtig. Wir verarbeiten Ihre Daten ausschlie\u00dflich im Rahmen der gesetzlichen Bestimmungen (DSGVO, DSG 2000, TKG 2003). Nachfolgend informieren wir Sie \u00fcber die wichtigsten Aspekte der Datenverarbeitung im Rahmen unserer Website. Kontakt mit uns Wenn Sie per Formular auf der Website oder per E-Mail Kontakt mit uns aufnehmen, [&hellip;]","og_url":"https:\/\/mediation.frommphilipp.eu\/index.php\/datenschutz\/","og_site_name":"FROMM&amp; | Mediation und Beratung","article_modified_time":"2026-03-02T10:09:14+00:00","twitter_card":"summary_large_image","twitter_misc":{"Gesch\u00e4tzte Lesezeit":"2\u00a0Minuten"},"schema":{"@context":"https:\/\/schema.org","@graph":[{"@type":"WebPage","@id":"https:\/\/mediation.frommphilipp.eu\/index.php\/datenschutz\/","url":"https:\/\/mediation.frommphilipp.eu\/index.php\/datenschutz\/","name":"Datenschutz - FROMM&amp; | Mediation und Beratung","isPartOf":{"@id":"https:\/\/mediation.frommphilipp.eu\/#website"},"datePublished":"2026-02-11T21:20:15+00:00","dateModified":"2026-03-02T10:09:14+00:00","breadcrumb":{"@id":"https:\/\/mediation.frommphilipp.eu\/index.php\/datenschutz\/#breadcrumb"},"inLanguage":"de","potentialAction":[{"@type":"ReadAction","target":["https:\/\/mediation.frommphilipp.eu\/index.php\/datenschutz\/"]}]},{"@type":"BreadcrumbList","@id":"https:\/\/mediation.frommphilipp.eu\/index.php\/datenschutz\/#breadcrumb","itemListElement":[{"@type":"ListItem","position":1,"name":"Home","item":"https:\/\/mediation.frommphilipp.eu\/"},{"@type":"ListItem","position":2,"name":"Datenschutz"}]},{"@type":"WebSite","@id":"https:\/\/mediation.frommphilipp.eu\/#website","url":"https:\/\/mediation.frommphilipp.eu\/","name":"FROMM& | Mediation und Beratung","description":"Mediation, Moderation &amp; Organisationsentwicklung","publisher":{"@id":"https:\/\/mediation.frommphilipp.eu\/#organization"},"alternateName":"Mediation, Moderation & Organisationsentwicklung","potentialAction":[{"@type":"SearchAction","target":{"@type":"EntryPoint","urlTemplate":"https:\/\/mediation.frommphilipp.eu\/?s={search_term_string}"},"query-input":{"@type":"PropertyValueSpecification","valueRequired":true,"valueName":"search_term_string"}}],"inLanguage":"de"},{"@type":"Organization","@id":"https:\/\/mediation.frommphilipp.eu\/#organization","name":"FROMM& | Mediation und Beratung","url":"https:\/\/mediation.frommphilipp.eu\/","logo":{"@type":"ImageObject","inLanguage":"de","@id":"https:\/\/mediation.frommphilipp.eu\/#\/schema\/logo\/image\/","url":"https:\/\/mediation.frommphilipp.eu\/wp-content\/uploads\/2025\/09\/logo_frommu_medi2.jpg","contentUrl":"https:\/\/mediation.frommphilipp.eu\/wp-content\/uploads\/2025\/09\/logo_frommu_medi2.jpg","width":596,"height":420,"caption":"FROMM& | Mediation und Beratung"},"image":{"@id":"https:\/\/mediation.frommphilipp.eu\/#\/schema\/logo\/image\/"},"sameAs":["https:\/\/www.linkedin.com\/in\/philippfromm\/"]}]}},"_links":{"self":[{"href":"https:\/\/mediation.frommphilipp.eu\/index.php\/wp-json\/wp\/v2\/pages\/229","targetHints":{"allow":["GET"]}}],"collection":[{"href":"https:\/\/mediation.frommphilipp.eu\/index.php\/wp-json\/wp\/v2\/pages"}],"about":[{"href":"https:\/\/mediation.frommphilipp.eu\/index.php\/wp-json\/wp\/v2\/types\/page"}],"author":[{"embeddable":true,"href":"https:\/\/mediation.frommphilipp.eu\/index.php\/wp-json\/wp\/v2\/users\/1"}],"replies":[{"embeddable":true,"href":"https:\/\/mediation.frommphilipp.eu\/index.php\/wp-json\/wp\/v2\/comments?post=229"}],"version-history":[{"count":7,"href":"https:\/\/mediation.frommphilipp.eu\/index.php\/wp-json\/wp\/v2\/pages\/229\/revisions"}],"predecessor-version":[{"id":459,"href":"https:\/\/mediation.frommphilipp.eu\/index.php\/wp-json\/wp\/v2\/pages\/229\/revisions\/459"}],"wp:attachment":[{"href":"https:\/\/mediation.frommphilipp.eu\/index.php\/wp-json\/wp\/v2\/media?parent=229"}],"curies":[{"name":"wp","href":"https:\/\/api.w.org\/{rel}","templated":true}]}}