{"id":198,"date":"2026-02-11T22:01:16","date_gmt":"2026-02-11T21:01:16","guid":{"rendered":"https:\/\/mediation.frommphilipp.eu\/?page_id=198"},"modified":"2026-03-06T05:53:51","modified_gmt":"2026-03-06T04:53:51","slug":"kontakt","status":"publish","type":"page","link":"https:\/\/mediation.frommphilipp.eu\/index.php\/kontakt\/","title":{"rendered":"Kontakt"},"content":{"rendered":"\t\t<div data-elementor-type=\"wp-page\" data-elementor-id=\"198\" class=\"elementor elementor-198\" data-elementor-post-type=\"page\">\n\t\t\t\t<div class=\"elementor-element elementor-element-fbcff21 e-flex e-con-boxed e-con e-parent\" data-id=\"fbcff21\" data-element_type=\"container\">\n\t\t\t\t\t<div class=\"e-con-inner\">\n\t\t<div class=\"elementor-element elementor-element-b206f9d e-con-full e-flex e-con e-child\" data-id=\"b206f9d\" data-element_type=\"container\">\n\t\t<div class=\"elementor-element elementor-element-cc6afcf e-con-full e-flex e-con e-child\" data-id=\"cc6afcf\" data-element_type=\"container\">\n\t\t\t\t<div class=\"elementor-element elementor-element-f214d34 elementor-widget elementor-widget-heading\" data-id=\"f214d34\" data-element_type=\"widget\" data-widget_type=\"heading.default\">\n\t\t\t\t\t<span class=\"elementor-heading-title elementor-size-default\">Dialog beginnen<\/span>\t\t\t\t<\/div>\n\t\t\t\t<div class=\"elementor-element elementor-element-0c74ccf elementor-widget elementor-widget-text-editor\" data-id=\"0c74ccf\" data-element_type=\"widget\" data-widget_type=\"text-editor.default\">\n\t\t\t\t\t\t\t\t\t<p>Lassen Sie<\/p><p>uns<\/p>\t\t\t\t\t\t\t\t<\/div>\n\t\t\t\t<div class=\"elementor-element elementor-element-5a0948e elementor-widget elementor-widget-text-editor\" data-id=\"5a0948e\" data-element_type=\"widget\" data-widget_type=\"text-editor.default\">\n\t\t\t\t\t\t\t\t\t<p><em>Raum <\/em><\/p><p><em>schaffen.<\/em><\/p>\t\t\t\t\t\t\t\t<\/div>\n\t\t\t\t<div class=\"elementor-element elementor-element-68163be elementor-widget elementor-widget-text-editor\" data-id=\"68163be\" data-element_type=\"widget\" data-widget_type=\"text-editor.default\">\n\t\t\t\t\t\t\t\t\t<p>Ob f\u00fcr ein erstes Sondierungsgespr\u00e4ch oder konkrete Prozessanfragen &#8211; ich freue mich auf den Austausch mit Ihnen.<\/p>\t\t\t\t\t\t\t\t<\/div>\n\t\t<div class=\"elementor-element elementor-element-3554922 e-con-full e-flex e-con e-child\" data-id=\"3554922\" data-element_type=\"container\">\n\t\t\t\t<div class=\"elementor-element elementor-element-314ae47 elementor-widget elementor-widget-heading\" data-id=\"314ae47\" data-element_type=\"widget\" data-widget_type=\"heading.default\">\n\t\t\t\t\t<span class=\"elementor-heading-title elementor-size-default\">Telefon<\/span>\t\t\t\t<\/div>\n\t\t\t\t<div class=\"elementor-element elementor-element-a623613 elementor-widget elementor-widget-text-editor\" data-id=\"a623613\" data-element_type=\"widget\" data-widget_type=\"text-editor.default\">\n\t\t\t\t\t\t\t\t\t<p>+43 (0)681 81557954<\/p>\t\t\t\t\t\t\t\t<\/div>\n\t\t\t\t<\/div>\n\t\t<div class=\"elementor-element elementor-element-46cec6b e-con-full e-flex e-con e-child\" data-id=\"46cec6b\" data-element_type=\"container\">\n\t\t\t\t<div class=\"elementor-element elementor-element-a774c35 elementor-widget elementor-widget-heading\" data-id=\"a774c35\" data-element_type=\"widget\" data-widget_type=\"heading.default\">\n\t\t\t\t\t<span class=\"elementor-heading-title elementor-size-default\">E-Mail<\/span>\t\t\t\t<\/div>\n\t\t\t\t<div class=\"elementor-element elementor-element-01d829b elementor-widget elementor-widget-text-editor\" data-id=\"01d829b\" data-element_type=\"widget\" data-widget_type=\"text-editor.default\">\n\t\t\t\t\t\t\t\t\t<p>office@frommphilipp.eu<\/p>\t\t\t\t\t\t\t\t<\/div>\n\t\t\t\t<\/div>\n\t\t<div class=\"elementor-element elementor-element-7c865af e-con-full e-flex e-con e-child\" data-id=\"7c865af\" data-element_type=\"container\">\n\t\t\t\t<div class=\"elementor-element elementor-element-ede37dd elementor-widget elementor-widget-heading\" data-id=\"ede37dd\" data-element_type=\"widget\" data-widget_type=\"heading.default\">\n\t\t\t\t\t<span class=\"elementor-heading-title elementor-size-default\">B\u00fcro<\/span>\t\t\t\t<\/div>\n\t\t\t\t<div class=\"elementor-element elementor-element-f8f7aa9 elementor-widget elementor-widget-text-editor\" data-id=\"f8f7aa9\" data-element_type=\"widget\" data-widget_type=\"text-editor.default\">\n\t\t\t\t\t\t\t\t\t<p>Grillparzerstra\u00dfe 11<\/p><p>6020 Innsbruck<\/p>\t\t\t\t\t\t\t\t<\/div>\n\t\t\t\t<\/div>\n\t\t\t\t<\/div>\n\t\t<div class=\"elementor-element elementor-element-118c962 e-con-full e-flex e-con e-child\" data-id=\"118c962\" data-element_type=\"container\">\n\t\t\t\t<div class=\"elementor-element elementor-element-b8be865 elementor-widget elementor-widget-html\" data-id=\"b8be865\" data-element_type=\"widget\" data-widget_type=\"html.default\">\n\t\t\t\t\t<style>\n    .custom-contact-form {\n        --form-petrol: #0A3D42;\n        --form-clay: #C5A48A;\n        --form-text: rgba(10, 61, 66, 1);\n        \n        width: 100%;\n        font-family: 'Lora', serif;\n    }\n\n    .form-group {\n        margin-bottom: 2.5rem;\n        position: relative;\n    }\n\n    .form-row {\n        display: flex;\n        gap: 2rem;\n        flex-wrap: wrap;\n    }\n\n    .form-row .form-group {\n        flex: 1;\n        min-width: 250px;\n    }\n\n    .custom-contact-form label {\n        display: block;\n        font-family: 'Montserrat', sans-serif;\n        font-size: 11px;\n        font-weight: 800;\n        text-transform: uppercase;\n        letter-spacing: 0.2em;\n        color: rgba(10, 61, 66, 1);\n        margin-bottom: 8px;\n    }\n\n    .custom-contact-form input, \n    .custom-contact-form textarea {\n        width: 100%;\n        background: transparent;\n        border: none;\n        border-bottom: 1px solid rgba(10, 61, 66, 0.15);\n        padding: 12px 0;\n        font-family: 'Lora', serif;\n        font-size: 1.1rem;\n        font-style: italic;\n        color: var(--form-petrol);\n        border-radius: 0;\n        transition: all 0.3s ease;\n        -webkit-appearance: none;\n    }\n\n    .custom-contact-form input:focus, \n    .custom-contact-form textarea:focus {\n        outline: none;\n        border-bottom-color: var(--form-clay);\n        background: rgba(197, 164, 138, 0.03); \/* Ganz zarter Schimmer beim Tippen *\/\n    }\n\n    .custom-contact-form textarea {\n        resize: vertical;\n        min-height: 120px;\n    }\n\n    .submit-container {\n        margin-top: 3rem;\n    }\n\n    .custom-submit-btn {\n        background-color: var(--form-petrol);\n        color: #F4F1EE;\n        border: none;\n        padding: 20px 45px;\n        font-family: 'Montserrat', sans-serif;\n        font-size: 10px;\n        font-weight: 800;\n        text-transform: uppercase;\n        letter-spacing: 0.3em;\n        cursor: pointer;\n        transition: all 0.4s cubic-bezier(0.165, 0.84, 0.44, 1);\n        display: inline-block;\n    }\n\n    .custom-submit-btn:hover {\n        background-color: var(--form-clay);\n        transform: translateY(-3px);\n        box-shadow: 0 10px 20px rgba(0,0,0,0.1);\n    }\n\n    .form-note {\n        margin-top: 1.5rem;\n        font-size: 14px;\n        color: rgba(10, 61, 66, 1);\n        font-style: italic;\n        line-height: 1.4;\n    }\n\n    \/* Placeholder Styling *\/\n    .custom-contact-form ::placeholder {\n        color: rgba(10, 61, 66, 0.3);\n        opacity: 1;\n    }\n\n    @media (max-width: 767px) {\n        .form-row {\n            gap: 1.5rem;\n        }\n        .form-group {\n            margin-bottom: 2rem;\n        }\n    }\n<\/style>\n\n<div class=\"custom-contact-form\">\n    <form id=\"contact-form\" action=\"#\" method=\"POST\">\n        \n        <div class=\"form-row\">\n            <div class=\"form-group\">\n                <label for=\"name\">Name<\/label>\n                <input type=\"text\" id=\"name\" name=\"name\" placeholder=\"Wie darf ich Sie ansprechen?\" required>\n            <\/div>\n            <div class=\"form-group\">\n                <label for=\"org\">Unternehmen<\/label>\n                <input type=\"text\" id=\"org\" name=\"org\" placeholder=\"Organisation \/ Projekt (Optional)\">\n            <\/div>\n        <\/div>\n\n        <div class=\"form-group\">\n            <label for=\"email\">E-Mail Adresse<\/label>\n            <input type=\"email\" id=\"email\" name=\"email\" placeholder=\"F\u00fcr meine R\u00fcckmeldung\" required>\n        <\/div>\n\n        <div class=\"form-group\">\n            <label for=\"message\">Ihr Anliegen<\/label>\n            <textarea id=\"message\" name=\"message\" placeholder=\"Beschreiben Sie kurz den Raum, den Sie \u00f6ffnen m\u00f6chten...\" required><\/textarea>\n        <\/div>\n\n        <div class=\"submit-container\">\n            <button type=\"submit\" class=\"custom-submit-btn\">\n                Anfrage Senden\n            <\/button>\n            <p class=\"form-note\">\n                Mit dem Absenden erkl\u00e4ren Sie sich mit der Verarbeitung Ihrer Daten zum Zwecke der Kontaktaufnahme einverstanden.\n            <\/p>\n        <\/div>\n\n    <\/form>\n<\/div>\n\n<script>\n    \/\/ Einfaches Feedback beim Absenden (Simulation)\n    document.getElementById('contact-form').addEventListener('submit', function(e) {\n        \/\/ Wenn du ein echtes Backend (wie Formspree oder WP Mail) nutzt, \n        \/\/ l\u00f6sche e.preventDefault() oder passe es an.\n        \/\/ e.preventDefault(); \n        console.log('Formular gesendet...');\n    });\n<\/script>\t\t\t\t<\/div>\n\t\t\t\t<\/div>\n\t\t\t\t<\/div>\n\t\t\t\t\t<\/div>\n\t\t\t\t<\/div>\n\t\t\t\t<\/div>\n\t\t","protected":false},"excerpt":{"rendered":"<p>Dialog beginnen Lassen Sie uns Raum schaffen. Ob f\u00fcr ein erstes Sondierungsgespr\u00e4ch oder konkrete Prozessanfragen &#8211; ich freue mich auf den Austausch mit Ihnen. Telefon +43 (0)681 81557954 E-Mail office@frommphilipp.eu B\u00fcro Grillparzerstra\u00dfe 11 6020 Innsbruck Name Unternehmen E-Mail Adresse Ihr Anliegen Anfrage Senden Mit dem Absenden erkl\u00e4ren Sie sich mit der Verarbeitung Ihrer Daten zum [&hellip;]<\/p>\n","protected":false},"author":1,"featured_media":0,"parent":0,"menu_order":0,"comment_status":"closed","ping_status":"closed","template":"","meta":{"_monsterinsights_skip_tracking":false,"_monsterinsights_sitenote_active":false,"_monsterinsights_sitenote_note":"","_monsterinsights_sitenote_category":0,"footnotes":""},"class_list":["post-198","page","type-page","status-publish","hentry"],"yoast_head":"<!-- This site is optimized with the Yoast SEO plugin v27.1.1 - https:\/\/yoast.com\/product\/yoast-seo-wordpress\/ -->\n<title>Kontakt - FROMM&amp; | Mediation und Beratung<\/title>\n<meta name=\"robots\" content=\"index, follow, max-snippet:-1, max-image-preview:large, max-video-preview:-1\" \/>\n<link rel=\"canonical\" href=\"https:\/\/mediation.frommphilipp.eu\/index.php\/kontakt\/\" \/>\n<meta property=\"og:locale\" content=\"de_DE\" \/>\n<meta property=\"og:type\" content=\"article\" \/>\n<meta property=\"og:title\" content=\"Kontakt - FROMM&amp; | Mediation und Beratung\" \/>\n<meta property=\"og:description\" content=\"Dialog beginnen Lassen Sie uns Raum schaffen. Ob f\u00fcr ein erstes Sondierungsgespr\u00e4ch oder konkrete Prozessanfragen &#8211; ich freue mich auf den Austausch mit Ihnen. Telefon +43 (0)681 81557954 E-Mail office@frommphilipp.eu B\u00fcro Grillparzerstra\u00dfe 11 6020 Innsbruck Name Unternehmen E-Mail Adresse Ihr Anliegen Anfrage Senden Mit dem Absenden erkl\u00e4ren Sie sich mit der Verarbeitung Ihrer Daten zum [&hellip;]\" \/>\n<meta property=\"og:url\" content=\"https:\/\/mediation.frommphilipp.eu\/index.php\/kontakt\/\" \/>\n<meta property=\"og:site_name\" content=\"FROMM&amp; | Mediation und Beratung\" \/>\n<meta property=\"article:modified_time\" content=\"2026-03-06T04:53:51+00:00\" \/>\n<meta name=\"twitter:card\" content=\"summary_large_image\" \/>\n<meta name=\"twitter:label1\" content=\"Gesch\u00e4tzte Lesezeit\" \/>\n\t<meta name=\"twitter:data1\" content=\"2\u00a0Minuten\" \/>\n<script type=\"application\/ld+json\" class=\"yoast-schema-graph\">{\"@context\":\"https:\/\/schema.org\",\"@graph\":[{\"@type\":\"WebPage\",\"@id\":\"https:\/\/mediation.frommphilipp.eu\/index.php\/kontakt\/\",\"url\":\"https:\/\/mediation.frommphilipp.eu\/index.php\/kontakt\/\",\"name\":\"Kontakt - FROMM&amp; | Mediation und Beratung\",\"isPartOf\":{\"@id\":\"https:\/\/mediation.frommphilipp.eu\/#website\"},\"datePublished\":\"2026-02-11T21:01:16+00:00\",\"dateModified\":\"2026-03-06T04:53:51+00:00\",\"breadcrumb\":{\"@id\":\"https:\/\/mediation.frommphilipp.eu\/index.php\/kontakt\/#breadcrumb\"},\"inLanguage\":\"de\",\"potentialAction\":[{\"@type\":\"ReadAction\",\"target\":[\"https:\/\/mediation.frommphilipp.eu\/index.php\/kontakt\/\"]}]},{\"@type\":\"BreadcrumbList\",\"@id\":\"https:\/\/mediation.frommphilipp.eu\/index.php\/kontakt\/#breadcrumb\",\"itemListElement\":[{\"@type\":\"ListItem\",\"position\":1,\"name\":\"Home\",\"item\":\"https:\/\/mediation.frommphilipp.eu\/\"},{\"@type\":\"ListItem\",\"position\":2,\"name\":\"Kontakt\"}]},{\"@type\":\"WebSite\",\"@id\":\"https:\/\/mediation.frommphilipp.eu\/#website\",\"url\":\"https:\/\/mediation.frommphilipp.eu\/\",\"name\":\"FROMM& | Mediation und Beratung\",\"description\":\"Mediation, Moderation &amp; Organisationsentwicklung\",\"publisher\":{\"@id\":\"https:\/\/mediation.frommphilipp.eu\/#organization\"},\"alternateName\":\"Mediation, Moderation & Organisationsentwicklung\",\"potentialAction\":[{\"@type\":\"SearchAction\",\"target\":{\"@type\":\"EntryPoint\",\"urlTemplate\":\"https:\/\/mediation.frommphilipp.eu\/?s={search_term_string}\"},\"query-input\":{\"@type\":\"PropertyValueSpecification\",\"valueRequired\":true,\"valueName\":\"search_term_string\"}}],\"inLanguage\":\"de\"},{\"@type\":\"Organization\",\"@id\":\"https:\/\/mediation.frommphilipp.eu\/#organization\",\"name\":\"FROMM& | Mediation und Beratung\",\"url\":\"https:\/\/mediation.frommphilipp.eu\/\",\"logo\":{\"@type\":\"ImageObject\",\"inLanguage\":\"de\",\"@id\":\"https:\/\/mediation.frommphilipp.eu\/#\/schema\/logo\/image\/\",\"url\":\"https:\/\/mediation.frommphilipp.eu\/wp-content\/uploads\/2025\/09\/logo_frommu_medi2.jpg\",\"contentUrl\":\"https:\/\/mediation.frommphilipp.eu\/wp-content\/uploads\/2025\/09\/logo_frommu_medi2.jpg\",\"width\":596,\"height\":420,\"caption\":\"FROMM& | Mediation und Beratung\"},\"image\":{\"@id\":\"https:\/\/mediation.frommphilipp.eu\/#\/schema\/logo\/image\/\"},\"sameAs\":[\"https:\/\/www.linkedin.com\/in\/philippfromm\/\"]}]}<\/script>\n<!-- \/ Yoast SEO plugin. -->","yoast_head_json":{"title":"Kontakt - FROMM&amp; | Mediation und Beratung","robots":{"index":"index","follow":"follow","max-snippet":"max-snippet:-1","max-image-preview":"max-image-preview:large","max-video-preview":"max-video-preview:-1"},"canonical":"https:\/\/mediation.frommphilipp.eu\/index.php\/kontakt\/","og_locale":"de_DE","og_type":"article","og_title":"Kontakt - FROMM&amp; | Mediation und Beratung","og_description":"Dialog beginnen Lassen Sie uns Raum schaffen. Ob f\u00fcr ein erstes Sondierungsgespr\u00e4ch oder konkrete Prozessanfragen &#8211; ich freue mich auf den Austausch mit Ihnen. Telefon +43 (0)681 81557954 E-Mail office@frommphilipp.eu B\u00fcro Grillparzerstra\u00dfe 11 6020 Innsbruck Name Unternehmen E-Mail Adresse Ihr Anliegen Anfrage Senden Mit dem Absenden erkl\u00e4ren Sie sich mit der Verarbeitung Ihrer Daten zum [&hellip;]","og_url":"https:\/\/mediation.frommphilipp.eu\/index.php\/kontakt\/","og_site_name":"FROMM&amp; | Mediation und Beratung","article_modified_time":"2026-03-06T04:53:51+00:00","twitter_card":"summary_large_image","twitter_misc":{"Gesch\u00e4tzte Lesezeit":"2\u00a0Minuten"},"schema":{"@context":"https:\/\/schema.org","@graph":[{"@type":"WebPage","@id":"https:\/\/mediation.frommphilipp.eu\/index.php\/kontakt\/","url":"https:\/\/mediation.frommphilipp.eu\/index.php\/kontakt\/","name":"Kontakt - FROMM&amp; | Mediation und Beratung","isPartOf":{"@id":"https:\/\/mediation.frommphilipp.eu\/#website"},"datePublished":"2026-02-11T21:01:16+00:00","dateModified":"2026-03-06T04:53:51+00:00","breadcrumb":{"@id":"https:\/\/mediation.frommphilipp.eu\/index.php\/kontakt\/#breadcrumb"},"inLanguage":"de","potentialAction":[{"@type":"ReadAction","target":["https:\/\/mediation.frommphilipp.eu\/index.php\/kontakt\/"]}]},{"@type":"BreadcrumbList","@id":"https:\/\/mediation.frommphilipp.eu\/index.php\/kontakt\/#breadcrumb","itemListElement":[{"@type":"ListItem","position":1,"name":"Home","item":"https:\/\/mediation.frommphilipp.eu\/"},{"@type":"ListItem","position":2,"name":"Kontakt"}]},{"@type":"WebSite","@id":"https:\/\/mediation.frommphilipp.eu\/#website","url":"https:\/\/mediation.frommphilipp.eu\/","name":"FROMM& | Mediation und Beratung","description":"Mediation, Moderation &amp; Organisationsentwicklung","publisher":{"@id":"https:\/\/mediation.frommphilipp.eu\/#organization"},"alternateName":"Mediation, Moderation & Organisationsentwicklung","potentialAction":[{"@type":"SearchAction","target":{"@type":"EntryPoint","urlTemplate":"https:\/\/mediation.frommphilipp.eu\/?s={search_term_string}"},"query-input":{"@type":"PropertyValueSpecification","valueRequired":true,"valueName":"search_term_string"}}],"inLanguage":"de"},{"@type":"Organization","@id":"https:\/\/mediation.frommphilipp.eu\/#organization","name":"FROMM& | Mediation und Beratung","url":"https:\/\/mediation.frommphilipp.eu\/","logo":{"@type":"ImageObject","inLanguage":"de","@id":"https:\/\/mediation.frommphilipp.eu\/#\/schema\/logo\/image\/","url":"https:\/\/mediation.frommphilipp.eu\/wp-content\/uploads\/2025\/09\/logo_frommu_medi2.jpg","contentUrl":"https:\/\/mediation.frommphilipp.eu\/wp-content\/uploads\/2025\/09\/logo_frommu_medi2.jpg","width":596,"height":420,"caption":"FROMM& | Mediation und Beratung"},"image":{"@id":"https:\/\/mediation.frommphilipp.eu\/#\/schema\/logo\/image\/"},"sameAs":["https:\/\/www.linkedin.com\/in\/philippfromm\/"]}]}},"_links":{"self":[{"href":"https:\/\/mediation.frommphilipp.eu\/index.php\/wp-json\/wp\/v2\/pages\/198","targetHints":{"allow":["GET"]}}],"collection":[{"href":"https:\/\/mediation.frommphilipp.eu\/index.php\/wp-json\/wp\/v2\/pages"}],"about":[{"href":"https:\/\/mediation.frommphilipp.eu\/index.php\/wp-json\/wp\/v2\/types\/page"}],"author":[{"embeddable":true,"href":"https:\/\/mediation.frommphilipp.eu\/index.php\/wp-json\/wp\/v2\/users\/1"}],"replies":[{"embeddable":true,"href":"https:\/\/mediation.frommphilipp.eu\/index.php\/wp-json\/wp\/v2\/comments?post=198"}],"version-history":[{"count":19,"href":"https:\/\/mediation.frommphilipp.eu\/index.php\/wp-json\/wp\/v2\/pages\/198\/revisions"}],"predecessor-version":[{"id":524,"href":"https:\/\/mediation.frommphilipp.eu\/index.php\/wp-json\/wp\/v2\/pages\/198\/revisions\/524"}],"wp:attachment":[{"href":"https:\/\/mediation.frommphilipp.eu\/index.php\/wp-json\/wp\/v2\/media?parent=198"}],"curies":[{"name":"wp","href":"https:\/\/api.w.org\/{rel}","templated":true}]}}