{"id":173,"date":"2026-02-11T10:58:23","date_gmt":"2026-02-11T09:58:23","guid":{"rendered":"https:\/\/mediation.frommphilipp.eu\/?page_id=173"},"modified":"2026-03-10T17:00:19","modified_gmt":"2026-03-10T16:00:19","slug":"konflikt","status":"publish","type":"page","link":"https:\/\/mediation.frommphilipp.eu\/index.php\/konflikt\/","title":{"rendered":"Fokus Konflikt"},"content":{"rendered":"\t\t<div data-elementor-type=\"wp-page\" data-elementor-id=\"173\" class=\"elementor elementor-173\" data-elementor-post-type=\"page\">\n\t\t\t\t<div class=\"elementor-element elementor-element-e74f6ca e-flex e-con-boxed e-con e-parent\" data-id=\"e74f6ca\" data-element_type=\"container\">\n\t\t\t\t\t<div class=\"e-con-inner\">\n\t\t<div class=\"elementor-element elementor-element-e815071 e-con-full e-flex e-con e-child\" data-id=\"e815071\" data-element_type=\"container\">\n\t\t\t\t<div class=\"elementor-element elementor-element-bf8c791 elementor-widget elementor-widget-heading\" data-id=\"bf8c791\" data-element_type=\"widget\" data-widget_type=\"heading.default\">\n\t\t\t\t\t<span class=\"elementor-heading-title elementor-size-default\">Methodik<\/span>\t\t\t\t<\/div>\n\t\t\t\t<div class=\"elementor-element elementor-element-e33dbbf elementor-widget elementor-widget-heading\" data-id=\"e33dbbf\" data-element_type=\"widget\" data-widget_type=\"heading.default\">\n\t\t\t\t\t<h1 class=\"elementor-heading-title elementor-size-default\">Der Ansatz:<\/h1>\t\t\t\t<\/div>\n\t\t\t\t<div class=\"elementor-element elementor-element-f0a230a elementor-widget elementor-widget-heading\" data-id=\"f0a230a\" data-element_type=\"widget\" data-widget_type=\"heading.default\">\n\t\t\t\t\t<span class=\"elementor-heading-title elementor-size-default\">Systemisch.<\/span>\t\t\t\t<\/div>\n\t\t\t\t<div class=\"elementor-element elementor-element-2c365b3 elementor-widget elementor-widget-heading\" data-id=\"2c365b3\" data-element_type=\"widget\" data-widget_type=\"heading.default\">\n\t\t\t\t\t<h1 class=\"elementor-heading-title elementor-size-default\">Die L\u00f6sung:<br>passend<\/h1>\t\t\t\t<\/div>\n\t\t\t\t<\/div>\n\t\t<div class=\"elementor-element elementor-element-6cdd0c3 e-con-full e-flex e-con e-child\" data-id=\"6cdd0c3\" data-element_type=\"container\">\n\t\t\t\t<\/div>\n\t\t\t\t\t<\/div>\n\t\t\t\t<\/div>\n\t\t<div class=\"elementor-element elementor-element-68fdfdd e-flex e-con-boxed e-con e-parent\" data-id=\"68fdfdd\" data-element_type=\"container\">\n\t\t\t\t\t<div class=\"e-con-inner\">\n\t\t<div class=\"elementor-element elementor-element-7e807bf e-con-full e-flex e-con e-child\" data-id=\"7e807bf\" data-element_type=\"container\">\n\t\t\t\t<div class=\"elementor-element elementor-element-ecd2696 elementor-widget elementor-widget-heading\" data-id=\"ecd2696\" data-element_type=\"widget\" data-widget_type=\"heading.default\">\n\t\t\t\t\t<h4 class=\"elementor-heading-title elementor-size-default\">Fokus Konflikt<\/h4>\t\t\t\t<\/div>\n\t\t\t\t<div class=\"elementor-element elementor-element-2438eca elementor-widget elementor-widget-text-editor\" data-id=\"2438eca\" data-element_type=\"widget\" data-widget_type=\"text-editor.default\">\n\t\t\t\t\t\t\t\t\t<div><p><strong>Vertraulich, offen, strukturiert<\/strong>: Der sichere Rahmen, um festgefahrene Situationen wieder in Bewegung zu bringen.<\/p><\/div>\t\t\t\t\t\t\t\t<\/div>\n\t\t\t\t<\/div>\n\t\t<div class=\"elementor-element elementor-element-2731572 e-con-full e-flex e-con e-child\" data-id=\"2731572\" data-element_type=\"container\">\n\t\t\t\t<\/div>\n\t\t\t\t\t<\/div>\n\t\t\t\t<\/div>\n\t\t<div class=\"elementor-element elementor-element-e0086b9 e-flex e-con-boxed e-con e-parent\" data-id=\"e0086b9\" data-element_type=\"container\">\n\t\t\t\t\t<div class=\"e-con-inner\">\n\t\t<div class=\"elementor-element elementor-element-8f11ff0 e-con-full e-flex e-con e-child\" data-id=\"8f11ff0\" data-element_type=\"container\">\n\t\t\t\t<div class=\"elementor-element elementor-element-c1757ff elementor-widget elementor-widget-text-editor\" data-id=\"c1757ff\" data-element_type=\"widget\" data-widget_type=\"text-editor.default\">\n\t\t\t\t\t\t\t\t\t<p data-pm-slice=\"1 1 []\">In komplexen Projekten betrachte ich das gesamte Gef\u00fcge \u2013 die sichtbaren Strukturen ebenso wie die leisen, Perspektiven.<\/p><p data-pm-slice=\"1 1 []\">Als <em><strong>allparteilicher Begleiter<\/strong> <\/em>stehe ich mit der gleichen Wertsch\u00e4tzung an der Seite aller Beteiligten.<\/p><p>Ich gebe keine Antworten vor. Ich begleite Sie dabei, <em><strong>die Wege zu finden, die f\u00fcr Ihre Situation wirklich tragf\u00e4hig sind<\/strong><\/em>.<\/p><p>So <em><strong>verwandeln wir belastende Spannungen in ein stabiles Fundament<\/strong><\/em> f\u00fcr alles, was Sie gemeinsam noch vorhaben.<\/p>\t\t\t\t\t\t\t\t<\/div>\n\t\t\t\t<\/div>\n\t\t\t\t\t<\/div>\n\t\t\t\t<\/div>\n\t\t<div class=\"elementor-element elementor-element-0a4f514 e-flex e-con-boxed e-con e-parent\" data-id=\"0a4f514\" data-element_type=\"container\">\n\t\t\t\t\t<div class=\"e-con-inner\">\n\t\t\t\t<div class=\"elementor-element elementor-element-6717645 elementor-widget elementor-widget-heading\" data-id=\"6717645\" data-element_type=\"widget\" data-widget_type=\"heading.default\">\n\t\t\t\t\t<span class=\"elementor-heading-title elementor-size-default\">In welchen Bereichen bin ich Ihr Partner?<\/span>\t\t\t\t<\/div>\n\t\t\t\t\t<\/div>\n\t\t\t\t<\/div>\n\t\t<div class=\"elementor-element elementor-element-db99959 e-flex e-con-boxed e-con e-parent\" data-id=\"db99959\" data-element_type=\"container\">\n\t\t\t\t\t<div class=\"e-con-inner\">\n\t\t<div class=\"elementor-element elementor-element-2aff4c7 e-grid e-con-full e-con e-child\" data-id=\"2aff4c7\" data-element_type=\"container\">\n\t\t\t\t<div class=\"elementor-element elementor-element-c0110ea elementor-widget__width-inherit elementor-widget elementor-widget-heading\" data-id=\"c0110ea\" data-element_type=\"widget\" data-widget_type=\"heading.default\">\n\t\t\t\t\t<p class=\"elementor-heading-title elementor-size-default\">Gemeindeentwicklung<\/p>\t\t\t\t<\/div>\n\t\t\t\t<div class=\"elementor-element elementor-element-dd59864 elementor-widget__width-inherit elementor-widget elementor-widget-heading\" data-id=\"dd59864\" data-element_type=\"widget\" data-widget_type=\"heading.default\">\n\t\t\t\t\t<p class=\"elementor-heading-title elementor-size-default\">Wirtschaftsmediation<\/p>\t\t\t\t<\/div>\n\t\t\t\t<div class=\"elementor-element elementor-element-095d7d2 elementor-widget__width-inherit elementor-widget elementor-widget-heading\" data-id=\"095d7d2\" data-element_type=\"widget\" data-widget_type=\"heading.default\">\n\t\t\t\t\t<p class=\"elementor-heading-title elementor-size-default\">mediation im bauwesen<\/p>\t\t\t\t<\/div>\n\t\t\t\t<div class=\"elementor-element elementor-element-a7855d6 elementor-widget__width-inherit elementor-widget elementor-widget-heading\" data-id=\"a7855d6\" data-element_type=\"widget\" data-widget_type=\"heading.default\">\n\t\t\t\t\t<p class=\"elementor-heading-title elementor-size-default\">Konfliktmanagement in projektumgebungen<\/p>\t\t\t\t<\/div>\n\t\t\t\t<div class=\"elementor-element elementor-element-4d617bc elementor-widget__width-inherit elementor-widget elementor-widget-heading\" data-id=\"4d617bc\" data-element_type=\"widget\" data-widget_type=\"heading.default\">\n\t\t\t\t\t<p class=\"elementor-heading-title elementor-size-default\">Organisationsentwicklung<\/p>\t\t\t\t<\/div>\n\t\t\t\t<div class=\"elementor-element elementor-element-fd24404 elementor-widget__width-inherit elementor-widget elementor-widget-heading\" data-id=\"fd24404\" data-element_type=\"widget\" data-widget_type=\"heading.default\">\n\t\t\t\t\t<p class=\"elementor-heading-title elementor-size-default\">Umweltmediation<\/p>\t\t\t\t<\/div>\n\t\t\t\t<div class=\"elementor-element elementor-element-ad0a574 elementor-widget__width-inherit elementor-widget elementor-widget-heading\" data-id=\"ad0a574\" data-element_type=\"widget\" data-widget_type=\"heading.default\">\n\t\t\t\t\t<p class=\"elementor-heading-title elementor-size-default\">Betriebs\u00fcbergaben<\/p>\t\t\t\t<\/div>\n\t\t\t\t<div class=\"elementor-element elementor-element-922285b elementor-widget__width-inherit elementor-widget elementor-widget-heading\" data-id=\"922285b\" data-element_type=\"widget\" data-widget_type=\"heading.default\">\n\t\t\t\t\t<p class=\"elementor-heading-title elementor-size-default\">\u00d6ffentliche verwaltung<\/p>\t\t\t\t<\/div>\n\t\t\t\t<\/div>\n\t\t\t\t\t<\/div>\n\t\t\t\t<\/div>\n\t\t<div class=\"elementor-element elementor-element-e20e27f e-flex e-con-boxed e-con e-parent\" data-id=\"e20e27f\" data-element_type=\"container\">\n\t\t\t\t\t<div class=\"e-con-inner\">\n\t\t\t\t<div class=\"elementor-element elementor-element-646d9eb elementor-widget elementor-widget-heading\" data-id=\"646d9eb\" data-element_type=\"widget\" data-widget_type=\"heading.default\">\n\t\t\t\t\t<span class=\"elementor-heading-title elementor-size-default\">Systemisch. Pragmatisch.<\/span>\t\t\t\t<\/div>\n\t\t\t\t\t<\/div>\n\t\t\t\t<\/div>\n\t\t<div class=\"elementor-element elementor-element-1c4c1bd e-con-full e-flex e-con e-parent\" data-id=\"1c4c1bd\" data-element_type=\"container\">\n\t\t<div class=\"elementor-element elementor-element-64ac369 e-grid e-con-full e-con e-child\" data-id=\"64ac369\" data-element_type=\"container\">\n\t\t<div class=\"elementor-element elementor-element-f34e4f4 e-con-full e-flex e-con e-child\" data-id=\"f34e4f4\" data-element_type=\"container\" data-settings=\"{&quot;background_background&quot;:&quot;classic&quot;}\">\n\t\t\t\t<div class=\"elementor-element elementor-element-0a76c4e elementor-widget__width-inherit elementor-widget elementor-widget-heading\" data-id=\"0a76c4e\" data-element_type=\"widget\" data-widget_type=\"heading.default\">\n\t\t\t\t\t<h3 class=\"elementor-heading-title elementor-size-default\">Systemische <br>Weitsicht<\/h3>\t\t\t\t<\/div>\n\t\t\t\t<div class=\"elementor-element elementor-element-1f06fa8 elementor-widget__width-inherit elementor-widget elementor-widget-text-editor\" data-id=\"1f06fa8\" data-element_type=\"widget\" data-widget_type=\"text-editor.default\">\n\t\t\t\t\t\t\t\t\t<p><em>Nichts existiert f\u00fcr sich allein. Ich betrachte mit Ihnen das System, um die Herausforderungen und unsichtbaren Blockaden zu identifizieren, die den Fortschritt bremsen.<\/em><\/p>\t\t\t\t\t\t\t\t<\/div>\n\t\t<div class=\"elementor-element elementor-element-ac9da45 e-con-full e-flex e-con e-child\" data-id=\"ac9da45\" data-element_type=\"container\">\n\t\t\t\t<div class=\"elementor-element elementor-element-74d2177 elementor-widget__width-inherit elementor-widget elementor-widget-text-editor\" data-id=\"74d2177\" data-element_type=\"widget\" data-widget_type=\"text-editor.default\">\n\t\t\t\t\t\t\t\t\t<p><strong>Ihr Vorteil<\/strong><\/p>\t\t\t\t\t\t\t\t<\/div>\n\t\t\t\t<div class=\"elementor-element elementor-element-954ea7a elementor-widget__width-inherit elementor-widget-tablet__width-inherit elementor-widget elementor-widget-text-editor\" data-id=\"954ea7a\" data-element_type=\"widget\" data-widget_type=\"text-editor.default\">\n\t\t\t\t\t\t\t\t\t<p class=\"text-sm italic\"><em>Wir finden die Ursache, nicht nur das Symptom.<\/em><\/p>\t\t\t\t\t\t\t\t<\/div>\n\t\t\t\t<\/div>\n\t\t\t\t<\/div>\n\t\t<div class=\"elementor-element elementor-element-ffff2e6 e-con-full e-flex e-con e-child\" data-id=\"ffff2e6\" data-element_type=\"container\" data-settings=\"{&quot;background_background&quot;:&quot;classic&quot;}\">\n\t\t\t\t<div class=\"elementor-element elementor-element-593a959 elementor-widget__width-inherit elementor-widget elementor-widget-heading\" data-id=\"593a959\" data-element_type=\"widget\" data-widget_type=\"heading.default\">\n\t\t\t\t\t<h3 class=\"elementor-heading-title elementor-size-default\">Pragmatische <br>Pr\u00e4zision<\/h3>\t\t\t\t<\/div>\n\t\t\t\t<div class=\"elementor-element elementor-element-933dcbc elementor-widget__width-inherit elementor-widget elementor-widget-text-editor\" data-id=\"933dcbc\" data-element_type=\"widget\" data-widget_type=\"text-editor.default\">\n\t\t\t\t\t\t\t\t\t<p class=\"text-sm italic\"><em>Eine Analyse ohne Konsequenz ist wertlos. Ich steuere den Prozess mit der Strategie des Stadtplaners sowie der Kreativit\u00e4t und Pr\u00e4zision des Architekten. Wir bauen gemeinsam an L\u00f6sungen, die dem Druck des Alltags standhalten.<\/em><\/p>\t\t\t\t\t\t\t\t<\/div>\n\t\t<div class=\"elementor-element elementor-element-8ee0748 e-con-full e-flex e-con e-child\" data-id=\"8ee0748\" data-element_type=\"container\">\n\t\t\t\t<div class=\"elementor-element elementor-element-5dcff0e elementor-widget__width-inherit elementor-widget elementor-widget-text-editor\" data-id=\"5dcff0e\" data-element_type=\"widget\" data-widget_type=\"text-editor.default\">\n\t\t\t\t\t\t\t\t\t<p><strong>Ihr Vorteil<\/strong><\/p>\t\t\t\t\t\t\t\t<\/div>\n\t\t\t\t<div class=\"elementor-element elementor-element-14414d0 elementor-widget__width-inherit elementor-widget-tablet__width-inherit elementor-widget elementor-widget-text-editor\" data-id=\"14414d0\" data-element_type=\"widget\" data-widget_type=\"text-editor.default\">\n\t\t\t\t\t\t\t\t\t<p class=\"text-sm italic\"><em>Ergebnisse, die in der Praxis tragen, statt nur auf dem Papier zu existieren.<\/em><\/p>\t\t\t\t\t\t\t\t<\/div>\n\t\t\t\t<\/div>\n\t\t\t\t<\/div>\n\t\t\t\t<\/div>\n\t\t\t\t<\/div>\n\t\t\t\t<\/div>\n\t\t","protected":false},"excerpt":{"rendered":"<p>Methodik Der Ansatz: Systemisch. Die L\u00f6sung:passend Fokus Konflikt Vertraulich, offen, strukturiert: Der sichere Rahmen, um festgefahrene Situationen wieder in Bewegung zu bringen. In komplexen Projekten betrachte ich das gesamte Gef\u00fcge \u2013 die sichtbaren Strukturen ebenso wie die leisen, Perspektiven. Als allparteilicher Begleiter stehe ich mit der gleichen Wertsch\u00e4tzung an der Seite aller Beteiligten. Ich gebe [&hellip;]<\/p>\n","protected":false},"author":1,"featured_media":0,"parent":0,"menu_order":0,"comment_status":"closed","ping_status":"closed","template":"","meta":{"_monsterinsights_skip_tracking":false,"_monsterinsights_sitenote_active":false,"_monsterinsights_sitenote_note":"","_monsterinsights_sitenote_category":0,"footnotes":""},"class_list":["post-173","page","type-page","status-publish","hentry"],"yoast_head":"<!-- This site is optimized with the Yoast SEO plugin v27.1.1 - https:\/\/yoast.com\/product\/yoast-seo-wordpress\/ -->\n<title>Fokus Konflikt - FROMM&amp; | Mediation und Beratung<\/title>\n<meta name=\"robots\" content=\"index, follow, max-snippet:-1, max-image-preview:large, max-video-preview:-1\" \/>\n<link rel=\"canonical\" href=\"https:\/\/mediation.frommphilipp.eu\/index.php\/konflikt\/\" \/>\n<meta property=\"og:locale\" content=\"de_DE\" \/>\n<meta property=\"og:type\" content=\"article\" \/>\n<meta property=\"og:title\" content=\"Fokus Konflikt - FROMM&amp; | Mediation und Beratung\" \/>\n<meta property=\"og:description\" content=\"Methodik Der Ansatz: Systemisch. Die L\u00f6sung:passend Fokus Konflikt Vertraulich, offen, strukturiert: Der sichere Rahmen, um festgefahrene Situationen wieder in Bewegung zu bringen. In komplexen Projekten betrachte ich das gesamte Gef\u00fcge \u2013 die sichtbaren Strukturen ebenso wie die leisen, Perspektiven. Als allparteilicher Begleiter stehe ich mit der gleichen Wertsch\u00e4tzung an der Seite aller Beteiligten. Ich gebe [&hellip;]\" \/>\n<meta property=\"og:url\" content=\"https:\/\/mediation.frommphilipp.eu\/index.php\/konflikt\/\" \/>\n<meta property=\"og:site_name\" content=\"FROMM&amp; | Mediation und Beratung\" \/>\n<meta property=\"article:modified_time\" content=\"2026-03-10T16:00:19+00:00\" \/>\n<meta name=\"twitter:card\" content=\"summary_large_image\" \/>\n<meta name=\"twitter:label1\" content=\"Gesch\u00e4tzte Lesezeit\" \/>\n\t<meta name=\"twitter:data1\" content=\"2\u00a0Minuten\" \/>\n<script type=\"application\/ld+json\" class=\"yoast-schema-graph\">{\"@context\":\"https:\/\/schema.org\",\"@graph\":[{\"@type\":\"WebPage\",\"@id\":\"https:\/\/mediation.frommphilipp.eu\/index.php\/konflikt\/\",\"url\":\"https:\/\/mediation.frommphilipp.eu\/index.php\/konflikt\/\",\"name\":\"Fokus Konflikt - FROMM&amp; | Mediation und Beratung\",\"isPartOf\":{\"@id\":\"https:\/\/mediation.frommphilipp.eu\/#website\"},\"datePublished\":\"2026-02-11T09:58:23+00:00\",\"dateModified\":\"2026-03-10T16:00:19+00:00\",\"breadcrumb\":{\"@id\":\"https:\/\/mediation.frommphilipp.eu\/index.php\/konflikt\/#breadcrumb\"},\"inLanguage\":\"de\",\"potentialAction\":[{\"@type\":\"ReadAction\",\"target\":[\"https:\/\/mediation.frommphilipp.eu\/index.php\/konflikt\/\"]}]},{\"@type\":\"BreadcrumbList\",\"@id\":\"https:\/\/mediation.frommphilipp.eu\/index.php\/konflikt\/#breadcrumb\",\"itemListElement\":[{\"@type\":\"ListItem\",\"position\":1,\"name\":\"Home\",\"item\":\"https:\/\/mediation.frommphilipp.eu\/\"},{\"@type\":\"ListItem\",\"position\":2,\"name\":\"Fokus Konflikt\"}]},{\"@type\":\"WebSite\",\"@id\":\"https:\/\/mediation.frommphilipp.eu\/#website\",\"url\":\"https:\/\/mediation.frommphilipp.eu\/\",\"name\":\"FROMM& | Mediation und Beratung\",\"description\":\"Mediation, Moderation &amp; Organisationsentwicklung\",\"publisher\":{\"@id\":\"https:\/\/mediation.frommphilipp.eu\/#organization\"},\"alternateName\":\"Mediation, Moderation & Organisationsentwicklung\",\"potentialAction\":[{\"@type\":\"SearchAction\",\"target\":{\"@type\":\"EntryPoint\",\"urlTemplate\":\"https:\/\/mediation.frommphilipp.eu\/?s={search_term_string}\"},\"query-input\":{\"@type\":\"PropertyValueSpecification\",\"valueRequired\":true,\"valueName\":\"search_term_string\"}}],\"inLanguage\":\"de\"},{\"@type\":\"Organization\",\"@id\":\"https:\/\/mediation.frommphilipp.eu\/#organization\",\"name\":\"FROMM& | Mediation und Beratung\",\"url\":\"https:\/\/mediation.frommphilipp.eu\/\",\"logo\":{\"@type\":\"ImageObject\",\"inLanguage\":\"de\",\"@id\":\"https:\/\/mediation.frommphilipp.eu\/#\/schema\/logo\/image\/\",\"url\":\"https:\/\/mediation.frommphilipp.eu\/wp-content\/uploads\/2025\/09\/logo_frommu_medi2.jpg\",\"contentUrl\":\"https:\/\/mediation.frommphilipp.eu\/wp-content\/uploads\/2025\/09\/logo_frommu_medi2.jpg\",\"width\":596,\"height\":420,\"caption\":\"FROMM& | Mediation und Beratung\"},\"image\":{\"@id\":\"https:\/\/mediation.frommphilipp.eu\/#\/schema\/logo\/image\/\"},\"sameAs\":[\"https:\/\/www.linkedin.com\/in\/philippfromm\/\"]}]}<\/script>\n<!-- \/ Yoast SEO plugin. -->","yoast_head_json":{"title":"Fokus Konflikt - FROMM&amp; | Mediation und Beratung","robots":{"index":"index","follow":"follow","max-snippet":"max-snippet:-1","max-image-preview":"max-image-preview:large","max-video-preview":"max-video-preview:-1"},"canonical":"https:\/\/mediation.frommphilipp.eu\/index.php\/konflikt\/","og_locale":"de_DE","og_type":"article","og_title":"Fokus Konflikt - FROMM&amp; | Mediation und Beratung","og_description":"Methodik Der Ansatz: Systemisch. Die L\u00f6sung:passend Fokus Konflikt Vertraulich, offen, strukturiert: Der sichere Rahmen, um festgefahrene Situationen wieder in Bewegung zu bringen. In komplexen Projekten betrachte ich das gesamte Gef\u00fcge \u2013 die sichtbaren Strukturen ebenso wie die leisen, Perspektiven. Als allparteilicher Begleiter stehe ich mit der gleichen Wertsch\u00e4tzung an der Seite aller Beteiligten. Ich gebe [&hellip;]","og_url":"https:\/\/mediation.frommphilipp.eu\/index.php\/konflikt\/","og_site_name":"FROMM&amp; | Mediation und Beratung","article_modified_time":"2026-03-10T16:00:19+00:00","twitter_card":"summary_large_image","twitter_misc":{"Gesch\u00e4tzte Lesezeit":"2\u00a0Minuten"},"schema":{"@context":"https:\/\/schema.org","@graph":[{"@type":"WebPage","@id":"https:\/\/mediation.frommphilipp.eu\/index.php\/konflikt\/","url":"https:\/\/mediation.frommphilipp.eu\/index.php\/konflikt\/","name":"Fokus Konflikt - FROMM&amp; | Mediation und Beratung","isPartOf":{"@id":"https:\/\/mediation.frommphilipp.eu\/#website"},"datePublished":"2026-02-11T09:58:23+00:00","dateModified":"2026-03-10T16:00:19+00:00","breadcrumb":{"@id":"https:\/\/mediation.frommphilipp.eu\/index.php\/konflikt\/#breadcrumb"},"inLanguage":"de","potentialAction":[{"@type":"ReadAction","target":["https:\/\/mediation.frommphilipp.eu\/index.php\/konflikt\/"]}]},{"@type":"BreadcrumbList","@id":"https:\/\/mediation.frommphilipp.eu\/index.php\/konflikt\/#breadcrumb","itemListElement":[{"@type":"ListItem","position":1,"name":"Home","item":"https:\/\/mediation.frommphilipp.eu\/"},{"@type":"ListItem","position":2,"name":"Fokus Konflikt"}]},{"@type":"WebSite","@id":"https:\/\/mediation.frommphilipp.eu\/#website","url":"https:\/\/mediation.frommphilipp.eu\/","name":"FROMM& | Mediation und Beratung","description":"Mediation, Moderation &amp; Organisationsentwicklung","publisher":{"@id":"https:\/\/mediation.frommphilipp.eu\/#organization"},"alternateName":"Mediation, Moderation & Organisationsentwicklung","potentialAction":[{"@type":"SearchAction","target":{"@type":"EntryPoint","urlTemplate":"https:\/\/mediation.frommphilipp.eu\/?s={search_term_string}"},"query-input":{"@type":"PropertyValueSpecification","valueRequired":true,"valueName":"search_term_string"}}],"inLanguage":"de"},{"@type":"Organization","@id":"https:\/\/mediation.frommphilipp.eu\/#organization","name":"FROMM& | Mediation und Beratung","url":"https:\/\/mediation.frommphilipp.eu\/","logo":{"@type":"ImageObject","inLanguage":"de","@id":"https:\/\/mediation.frommphilipp.eu\/#\/schema\/logo\/image\/","url":"https:\/\/mediation.frommphilipp.eu\/wp-content\/uploads\/2025\/09\/logo_frommu_medi2.jpg","contentUrl":"https:\/\/mediation.frommphilipp.eu\/wp-content\/uploads\/2025\/09\/logo_frommu_medi2.jpg","width":596,"height":420,"caption":"FROMM& | Mediation und Beratung"},"image":{"@id":"https:\/\/mediation.frommphilipp.eu\/#\/schema\/logo\/image\/"},"sameAs":["https:\/\/www.linkedin.com\/in\/philippfromm\/"]}]}},"_links":{"self":[{"href":"https:\/\/mediation.frommphilipp.eu\/index.php\/wp-json\/wp\/v2\/pages\/173","targetHints":{"allow":["GET"]}}],"collection":[{"href":"https:\/\/mediation.frommphilipp.eu\/index.php\/wp-json\/wp\/v2\/pages"}],"about":[{"href":"https:\/\/mediation.frommphilipp.eu\/index.php\/wp-json\/wp\/v2\/types\/page"}],"author":[{"embeddable":true,"href":"https:\/\/mediation.frommphilipp.eu\/index.php\/wp-json\/wp\/v2\/users\/1"}],"replies":[{"embeddable":true,"href":"https:\/\/mediation.frommphilipp.eu\/index.php\/wp-json\/wp\/v2\/comments?post=173"}],"version-history":[{"count":84,"href":"https:\/\/mediation.frommphilipp.eu\/index.php\/wp-json\/wp\/v2\/pages\/173\/revisions"}],"predecessor-version":[{"id":619,"href":"https:\/\/mediation.frommphilipp.eu\/index.php\/wp-json\/wp\/v2\/pages\/173\/revisions\/619"}],"wp:attachment":[{"href":"https:\/\/mediation.frommphilipp.eu\/index.php\/wp-json\/wp\/v2\/media?parent=173"}],"curies":[{"name":"wp","href":"https:\/\/api.w.org\/{rel}","templated":true}]}}